{"id":1633,"date":"2023-11-03T09:32:25","date_gmt":"2023-11-03T09:32:25","guid":{"rendered":"https:\/\/www.depilarte.co\/internacional_nueva\/?page_id=1633"},"modified":"2024-02-07T19:34:21","modified_gmt":"2024-02-07T19:34:21","slug":"terminos-y-politicas","status":"publish","type":"page","link":"https:\/\/www.depilarte.co\/internacional\/terminos-y-politicas\/","title":{"rendered":"T\u00e9rminos y condiciones"},"content":{"rendered":"<p>[et_pb_section fb_built=\u00bb1&#8243; _builder_version=\u00bb4.24.0&#8243; _module_preset=\u00bbdefault\u00bb global_colors_info=\u00bb{}\u00bb locked=\u00bboff\u00bb theme_builder_area=\u00bbpost_content\u00bb][et_pb_row _builder_version=\u00bb4.24.0&#8243; _module_preset=\u00bbdefault\u00bb custom_padding=\u00bb0px||0px||false|false\u00bb global_colors_info=\u00bb{}\u00bb theme_builder_area=\u00bbpost_content\u00bb][et_pb_column type=\u00bb4_4&#8243; _builder_version=\u00bb4.24.0&#8243; _module_preset=\u00bbdefault\u00bb global_colors_info=\u00bb{}\u00bb theme_builder_area=\u00bbpost_content\u00bb][dsm_advanced_tabs dsm_tabs_layout=\u00bbvertical\u00bb dsm_show_arrow=\u00bboff\u00bb dsm_tabs_image_icon_placement=\u00bbleft\u00bb dsm_tabs_vertical_alignment=\u00bbtop\u00bb dsm_tabs_gap=\u00bb0px\u00bb dsm_tabs_bg_color=\u00bb#FFFFFF\u00bb dsm_tabs_active_bg_color=\u00bb#FFFFFF\u00bb dsm_tabs_active_text_color=\u00bb#1F2129&#8243; dsm_tabs_icon_size=\u00bb17px\u00bb dsm_tabs_icon_color=\u00bb#AAAAAA\u00bb dsm_tabs_active_icon_color=\u00bb#79B41E\u00bb dsm_tabs_wrapper_width=\u00bb30%\u00bb dsm_tabs_wrapper_alignment=\u00bbleft\u00bb dsm_content_image_icon_alignment=\u00bbcenter\u00bb _builder_version=\u00bb4.24.0&#8243; _module_preset=\u00bbdefault\u00bb tab_title_font_size=\u00bb18px\u00bb tab_subtitle_font=\u00bb||||||||\u00bb content_title_font=\u00bb|600|||||||\u00bb content_title_text_align=\u00bbleft\u00bb background_enable_color=\u00bboff\u00bb custom_button=\u00bbon\u00bb button_bg_color=\u00bb#ff0026&#8243; button_border_radius=\u00bb0px\u00bb button_icon=\u00bb&#xf1c1;||fa||400&#8243; button_on_hover=\u00bboff\u00bb width=\u00bb100%\u00bb module_alignment=\u00bbleft\u00bb border_color_all_dsm_content_image_icon_border=\u00bbRGBA(255,255,255,0)\u00bb global_colors_info=\u00bb{}\u00bb theme_builder_area=\u00bbpost_content\u00bb][dsm_advanced_tabs_child dsm_title=\u00bbT\u00e9rminos y Condiciones\u00bb dsm_use_icon_image=\u00bbon\u00bb dsm_use_icon=\u00bbon\u00bb font_icon=\u00bb&#xf111;||fa||900&#8243; dsm_use_icon_image_active=\u00bbon\u00bb dsm_use_icon_active=\u00bbon\u00bb font_icon_active=\u00bb&#xf111;||fa||900&#8243; dsm_content_title=\u00bbT\u00e9rminos y Condiciones\u00bb dsm_content=\u00bb<\/p>\n<p>Esta Pagina Web,<\/p>\n<p style=%22text-align: justify;%22><strong><a href=%22https:\/\/www.depilarte.co%22>https:\/\/www.depilarte.co<\/a><\/strong><\/p>\n<p style=%22text-align: justify;%22>(Colectivamente como el %22Sitio%22 en estos Terminos de servicio) es propiedad y est\u00e1 operado por la Cooperativa Grupo de Soluciones Proactivas R.L. (%22nosotros%22 o %22Cooperativa Grupo de Soluciones Proactivas R.L.%22). Al usar y acceder a nuestro Sitio, usted (%22usted%22, %22usuario%22 o %22usuario final%22) acepta estos T\u00e9rminos de Servicio (en adelante, los %22T\u00e9rminos de Servicio%22 o %22Acuerdo%22).<\/p>\n<p style=%22text-align: justify;%22>SI USTED NO EST\u00c1 DE ACUERDO CON LOS T\u00c9RMINOS DE ESTE ACUERDO, pare inmediatamente de ACCEDER A ESTE SITIO.<\/p>\n<p style=%22text-align: justify;%22>Usted se compromete a no modificar, copiar, distribuir, transmitir, mostrar, realizar, reproducir, publicar, transferencia de licencia, crear trabajos derivar de, vender o revender cualquier contenido o informaci\u00f3n obtenida de oa trav\u00e9s del Sitio.<\/p>\n<h4 style=%22text-align: justify;%22>Sitios de Terceros.<\/h4>\n<p style=%22text-align: justify;%22>El Sitio puede contener enlaces a otros sitios web mantenidos por terceros. Estos enlaces se proporcionan \u00fanicamente para su conveniencia y no implica la aprobaci\u00f3n de, o junto con, el partido por la Cooperativa Grupo de Soluciones Proactivas R.L.<\/p>\n<h4 style=%22text-align: justify;%22>Modificaciones a este Acuerdo<\/h4>\n<p style=%22text-align: justify;%22>Cooperativa Grupo de Soluciones Proactivas RL se reserva el derecho de cambiar o modificar cualquiera de los t\u00e9rminos y condiciones contenidos en este Acuerdo en cualquier momento. Usted reconoce y acepta que es su responsabilidad revisar el Sitio y estos T\u00e9rminos de Servicio de vez en cuando. Su uso continuado del Sitio despu\u00e9s de tales modificaciones a este Acuerdo constituir\u00e1 reconocimiento de los T\u00e9rminos de uso modificados y el acuerdo en cumplir y estar obligado por los nuevos T\u00e9rminos de Servicio.<\/p>\n<h4 style=%22text-align: justify;%22>Terminaci\u00f3n de Uso.<\/h4>\n<p style=%22text-align: justify;%22>Cooperativa Grupo de Soluciones Proactivas RL tendr\u00e1 el derecho de interrumpir o suspender, a su discreci\u00f3n, su acceso a todo o parte del Sitio, con o sin previo aviso y por cualquier raz\u00f3n.<\/p>\n<h4 style=%22text-align: justify;%22>Limitaci\u00f3n de Responsabilidad.<\/h4>\n<p style=%22text-align: justify;%22>En ning\u00fan caso la Cooperativa Grupo de Soluciones Proactivas RL o sus filiales ser\u00e1n responsables de da\u00f1os indirectos, incidentales, especiales, punitivos o da\u00f1os consecuentes de ning\u00fan tipo, ni de ning\u00fan tipo que surja de o relacionados con su uso del Sitio, el contenido y otra informaci\u00f3n obtenida en el mismo.<\/p>\n<p style=%22text-align: justify;%22>Algunas jurisdicciones proh\u00edben la exclusi\u00f3n o limitaci\u00f3n de responsabilidad por da\u00f1os consecuenciales o incidentales, por lo tanto, las limitaciones anteriores pueden no aplicarse en su caso.<\/p>\n<h4 style=%22text-align: justify;%22>Ley aplicable.<\/h4>\n<p style=%22text-align: justify;%22>Cualquier disputa que surja de o est\u00e9 relacionada con estas Condiciones de servicio y \/ o cualquier otro uso que usted haga del Sitio se regir\u00e1n por las leyes de Rep\u00fablica Dominicana, sin tener en cuenta los conflictos de disposiciones legales en ellos.<\/p>\n<h4 style=%22text-align: justify;%22>Fecha de la ultima Actualizaci\u00f3n.<\/h4>\n<p style=%22text-align: justify;%22>Este acuerdo fue actualizado por ultima vez en Enero 15, 2013.<\/p>\n<p>\u00bb button_text=\u00bbDescargar PDF\u00bb button_url=\u00bbhttps:\/\/hosting148467eu-271887.webempresa.site\/depilarte\/colombia\/wp-content\/uploads\/2024\/02\/DEPILARTE-TERMINOS-Y-CONDICIONES.pdf\u00bb url_new_window=\u00bbon\u00bb _builder_version=\u00bb4.24.0&#8243; _module_preset=\u00bbdefault\u00bb global_colors_info=\u00bb{}\u00bb parentOrderClass=\u00bbdsm_advanced_tabs_0&#8243; theme_builder_area=\u00bbpost_content\u00bb][\/dsm_advanced_tabs_child][dsm_advanced_tabs_child dsm_title=\u00bbPol\u00edtica de Privacidad\u00bb dsm_use_icon_image=\u00bbon\u00bb dsm_use_icon=\u00bbon\u00bb font_icon=\u00bb&#xf111;||fa||900&#8243; dsm_content_title=\u00bbPol\u00edtica de Privacidad\u00bb dsm_content=\u00bb<\/p>\n<p style=%22text-align: justify;%22>Nuestra politica de privacidad fue actualizada por ultima vez y publicada el 17 de Enero de 2013.<\/p>\n<p style=%22text-align: justify;%22>Esta govierna los terminos de privacidad de nuestra pagina web, localizada en <span style=%22color: #99cc00;%22>https:\/\/www.depilarte.co.<\/span> Cualquier termino no definido en nuestra politica de privacidad, tienen su definicion en nuestros terminos de servicio. Tu Privacidad <span style=%22color: #99cc00;%22>https:\/\/www.depilarte.co<\/span> sigue todos los requerimientos legales para proteger tu privacidad. Nuestra politica de privacidad es un documento legal que explica como podr\u00edamos utilizar la informacion que recolectemos, como la podriamos compartir y como se puede limitar el uso que se le de.<\/p>\n<p style=%22text-align: justify;%22>Encontraran terminos en nuestra politica de privacidad que estan en Mayuscula, estos t\u00e9rminos tienen significados como est\u00e1n descritos en la seccion de definiciones, aqui abajo. Definiciones %22<strong>Informacion No Personal<\/strong>%22 es informacion que no es identificable personalmente con una persona y que nosotros recolectamos cuando se accesa a nuestra pagina web con un navegador. Tambien podria incluir informaci\u00f3n que esta disponible p\u00fablicamente que es compartida por usuarios. %22Informacion Identificable Personalmente%22 es informacion no-publica que es identificable personalmente y que es obtenida para obtener acceso a cierta informacion contenida en la pagina web.<\/p>\n<p style=%22text-align: justify;%22>Informacion Identificable Personalmente puede incluir informacion como el nombre, correo electronico y otra informacion relacionada que sea provista o encontrada. Informacion que Encontramos Normalmente, se controla la cantidad y tipo de informacion que se provee a la pagina web. Como visitante, usted puede navegar nuestra pagina web para conocerlo mejor.<\/p>\n<p style=%22text-align: justify;%22>Usted no esta obligado a proveernos ningun tipo de Informacion Identificable Personalmente. Informacion Recolectada por Computador Cuando usted utiliza nuestro website, nosotros automaticamente recolectamos cierta informacion de computacion por la interaccion de su telefono mobil o navegador web con nuestra pagina web.<\/p>\n<p style=%22text-align: justify;%22>Esa informacion tipicamente es considerada Informacion No Personal.<\/p>\n<p style=%22text-align: justify;%22>Tambien recolectamos lo siguiente: Cookies Nuestra Pagina Web utiliza %22Cookies%22 para identificar las areas de nuestra Pagina Web que usted ha visitado. Una Cookie es una pieza peque\u00f1a pieza de datos que se guarda en su ordenador o en su dispositivo mobil en el navegador. Utilizamos Cookies para personalizar el contenido que usted ve en nuestra Pagina Web. La mayoria de navegadores poseen la opcion de eliminar el uso de Cookies. Sin embargo, si usted elimina el uso de Cookies, podria no tener acceso funcional correctamente a nuestra Pagina Web.<\/p>\n<p style=%22text-align: justify;%22>Nunca colocaremos Informacion Identificable Personalmente en Cookies. Informacion Automatica e Recibimos automaticamente informacion de su navegador o dispositivo mobil. Esta informacion incluye el nombre de la pagina web desde la que se entro a nuestra Pagina Web, asi como el nombre de la pagina web hacia la que se dirige al salir de nuestra Pagina Web.<\/p>\n<p style=%22text-align: justify;%22>Esta informacion tambien incluye la direccion IP de su servidor computador\/proxy que utiliza para acceder al internet, su proveedor de internet, tipo de navegador web, tipo de dispositivo mobil y sistema operativo del computador. Utilizamos toda esta informacion para analizar tendencias de nuestros Usuarios para mejorar nuestra Pagina Web. Como Usamos Su Informaci\u00f3n Utilizamos la informacion que recibimos de la siguiente manera: Personalizaci\u00f3n de nuestra Pagina Web Podriamos utilizar Informacion de Identificacion Personal que usted nos provee junto con alguna informacion recolectada por Computador para personalizar nuestra Pagina Web. Compartir informaci\u00f3n con los Afiliados y otros terceros No vendemos, alquilamos, o de otra manera proporcionar su informaci\u00f3n de identificaci\u00f3n personal a terceros con fines de marketing.<\/p>\n<p style=%22text-align: justify;%22>Podemos proporcionar su informaci\u00f3n de identificaci\u00f3n personal a los afiliados que prestan servicios a nosotros con respecto a nuestro Sitio Web (es decir, los procesadores de pago, empresas de alojamiento de sitios web, etc); dichas filiales s\u00f3lo recibir\u00e1 la informaci\u00f3n necesaria para prestar los servicios respectivos, y estar\u00e1 sujeto a la confidencialidad acuerdos que limitan el uso de tal informaci\u00f3n. Agregaci\u00f3n de Datos Nos reservamos el derecho a recoger y utilizar cualquier informaci\u00f3n no personal recopilada a partir de su uso de nuestro sitio web y agregar estos datos para an\u00e1lisis internos que mejoran nuestro sitio web y servicio, as\u00ed como para su uso o reventa a otros. En ning\u00fan momento su Informaci\u00f3n de Identificaci\u00f3n Personal incluido en las agregaciones de datos tales. Revelacion de Informacion Requeridas Legalmente Podriamos estar legalmente obligados a revelar Informaci\u00f3n Identificable Personalmente, si (a) es pedida por una citaci\u00f3n, una ley u otro proceso legal; (b) es necesaria para asistir a oficiales policiales o agencias gubernamentales; ( c) es necesario para investigar violaciones de o de otra manera hacer cumplir nuestros Terminos Legales; (d) es necesaria para protegernos de una acci\u00f3n legal de terceras partes incluyendo a usted u otros miembros (e) si es necesaria para proteger derechos legales, propiedad personal o patrimonial, o la seguridad personal de https:\/\/www.depilarte.co, sus Usuarios, empleados y afiliados. Enlaces a otras Paginas Web Nuestra Pagina web puede contener enlaces a otros sitios web que no est\u00e1n bajo nuestro control directo. Estos sitios web pueden tener sus propias pol\u00edticas de privacidad.<\/p>\n<p style=%22text-align: justify;%22>No tenemos ning\u00fan control o responsabilidad para los sitios web enlazados y proporcionar estos enlaces \u00fanicamente para la conveniencia e informaci\u00f3n de nuestros visitantes. Para acceder a estos sitios web vinculados a su propio riesgo. Estos sitios web no est\u00e1n sujetos a esta Pol\u00edtica de Privacidad. Usted debe revisar las pol\u00edticas de privacidad, en su caso, de los sitios web individuales para ver c\u00f3mo los operadores de dichos sitios web de terceros a utilizar su informaci\u00f3n personal.<\/p>\n<p style=%22text-align: justify;%22>Adem\u00e1s, estos sitios web puede contener un enlace a las p\u00e1ginas web de nuestros afiliados. Los sitios web de nuestros afiliados no est\u00e1n sujetos a esta <strong>Pol\u00edtica de Privacidad<\/strong>, y usted debe revisar sus pol\u00edticas de privacidad individuales para ver c\u00f3mo los operadores de dichos sitios web utilizar\u00e1 su informaci\u00f3n personal. Actualizaciones Pol\u00edtica de Privacidad Nos reservamos el derecho a modificar la presente Pol\u00edtica de Privacidad en cualquier momento. Usted debe revisar esta Pol\u00edtica de Privacidad con frecuencia. Si hacemos cambios materiales a esta pol\u00edtica, le notificaremos en nuestra p\u00e1gina web, por una entrada del blog, por correo electr\u00f3nico o por cualquier otro m\u00e9todo que determine. El m\u00e9todo que elegimos es a nuestra discreci\u00f3n. Tambi\u00e9n vamos a cambiar la %22\u00daltima Actualizaci\u00f3n%22 al principio de esta Pol\u00edtica de Privacidad. Cualquier cambio que hagamos a nuestra Pol\u00edtica de Privacidad es efectiva a partir de esta \u00faltima fecha de actualizaci\u00f3n.<\/p>\n<p style=%22text-align: justify;%22>Preguntas acerca de nuestras pr\u00e1cticas de privacidad o esta Pol\u00edtica de Privacidad Si usted tiene alguna pregunta sobre nuestras pr\u00e1cticas de privacidad o esta pol\u00edtica, <strong><em>por favor p\u00f3ngase en contacto con nosotros<\/em><\/strong>.<\/p>\n<p>\u00bb button_text=\u00bbDescargar PDF\u00bb button_url=\u00bbhttps:\/\/hosting148467eu-271887.webempresa.site\/depilarte\/colombia\/wp-content\/uploads\/2024\/02\/POLITICAS-DE-PRIVACIDAD.pdf\u00bb url_new_window=\u00bbon\u00bb _builder_version=\u00bb4.24.0&#8243; _module_preset=\u00bbdefault\u00bb global_colors_info=\u00bb{}\u00bb parentOrderClass=\u00bbdsm_advanced_tabs_0&#8243; theme_builder_area=\u00bbpost_content\u00bb][\/dsm_advanced_tabs_child][\/dsm_advanced_tabs][\/et_pb_column][\/et_pb_row][\/et_pb_section][et_pb_section fb_built=\u00bb1&#8243; disabled_on=\u00bbon|on|on\u00bb admin_label=\u00bbLlama a biblioteca Whatsaap\u00bb _builder_version=\u00bb4.23.4&#8243; _module_preset=\u00bbdefault\u00bb custom_padding=\u00bb0px||0px||false|false\u00bb disabled=\u00bbon\u00bb locked=\u00bboff\u00bb global_colors_info=\u00bb{}\u00bb theme_builder_area=\u00bbpost_content\u00bb][et_pb_row _builder_version=\u00bb4.23.4&#8243; _module_preset=\u00bbdefault\u00bb custom_padding=\u00bb0px||0px||false|false\u00bb global_colors_info=\u00bb{}\u00bb theme_builder_area=\u00bbpost_content\u00bb][et_pb_column type=\u00bb4_4&#8243; _builder_version=\u00bb4.23.4&#8243; _module_preset=\u00bbdefault\u00bb global_colors_info=\u00bb{}\u00bb theme_builder_area=\u00bbpost_content\u00bb][et_pb_button button_text=\u00bbChat Directo\u00bb button_alignment=\u00bbcenter\u00bb _builder_version=\u00bb4.23.4&#8243; _module_preset=\u00bbdefault\u00bb custom_button=\u00bbon\u00bb button_text_color=\u00bbRGBA(255,255,255,0)\u00bb button_bg_color=\u00bbRGBA(255,255,255,0)\u00bb button_icon=\u00bb&#xf232;||fa||400&#8243; button_icon_placement=\u00bbleft\u00bb button_on_hover=\u00bboff\u00bb global_colors_info=\u00bb{}\u00bb theme_builder_area=\u00bbpost_content\u00bb][\/et_pb_button][\/et_pb_column][\/et_pb_row][\/et_pb_section]<\/p>\n","protected":false},"excerpt":{"rendered":"<p><div class=\"et_pb_with_border et_pb_module dsm_advanced_tabs dsm_advanced_tabs_0\">\n\t\t\t\t\n\t\t\t\t\n\t\t\t\t\n\t\t\t\t\n\t\t\t\t\n\t\t\t\t\n\t\t\t\t<div class=\"et_pb_module_inner\">\n\t\t\t\t\t<div class=\"dsm-advanced-tabs-container\" data-trigger=\"click\" data-animation=\"none\" data-inner_animation=\"none\" data-deep_link=\"off\" data-image_lightbox=\"off\" data-auto_scroll_mobile=\"off\" data-anchor_link=\"off\">\n\t\t\t\t    <div class=\"dsm-advanced-tabs-wrapper\" role=\"tablist\"><\/div>\n\t\t\t\t <div class=\"dsm-advanced-tabs-content-wrapper\">\n\t\t\t\t    \n\t\t\t\t <\/div>\n\t\t     <\/div>\n\t\t    \n\t\t\t\t<\/div>\n\t\t\t<\/div><div class=\"dsm-advanced-tab-item-wrapper dsm_advanced_tabs_child_0\">\n\t\t\t\t<\/div>\n\t\t\t<\/p>\n","protected":false},"author":2,"featured_media":0,"parent":0,"menu_order":0,"comment_status":"closed","ping_status":"closed","template":"","meta":{"_et_pb_use_builder":"on","_et_pb_old_content":"","_et_gb_content_width":"","inline_featured_image":false,"footnotes":""},"class_list":["post-1633","page","type-page","status-publish","hentry"],"_links":{"self":[{"href":"https:\/\/www.depilarte.co\/internacional\/wp-json\/wp\/v2\/pages\/1633","targetHints":{"allow":["GET"]}}],"collection":[{"href":"https:\/\/www.depilarte.co\/internacional\/wp-json\/wp\/v2\/pages"}],"about":[{"href":"https:\/\/www.depilarte.co\/internacional\/wp-json\/wp\/v2\/types\/page"}],"author":[{"embeddable":true,"href":"https:\/\/www.depilarte.co\/internacional\/wp-json\/wp\/v2\/users\/2"}],"replies":[{"embeddable":true,"href":"https:\/\/www.depilarte.co\/internacional\/wp-json\/wp\/v2\/comments?post=1633"}],"version-history":[{"count":23,"href":"https:\/\/www.depilarte.co\/internacional\/wp-json\/wp\/v2\/pages\/1633\/revisions"}],"predecessor-version":[{"id":3296,"href":"https:\/\/www.depilarte.co\/internacional\/wp-json\/wp\/v2\/pages\/1633\/revisions\/3296"}],"wp:attachment":[{"href":"https:\/\/www.depilarte.co\/internacional\/wp-json\/wp\/v2\/media?parent=1633"}],"curies":[{"name":"wp","href":"https:\/\/api.w.org\/{rel}","templated":true}]}}