{"id":574,"date":"2013-07-17T14:58:45","date_gmt":"2013-07-17T19:58:45","guid":{"rendered":"http:\/\/www.depilarte.co\/blog-depilarte\/?page_id=574"},"modified":"2019-11-20T13:52:36","modified_gmt":"2019-11-20T18:52:36","slug":"blog-franquicia-depilarte","status":"publish","type":"page","link":"https:\/\/www.depilarte.co\/blog-depilarte\/","title":{"rendered":"Blog Franquicia Depilarte"},"content":{"rendered":"<p>Bienvenido al Blog de Depilarte Internacional, aqui podras encontrar toda la informaci\u00f3n que necesitas acerca de la industria de las franquicias en Colombia, Venezuela, Ecuador, Per\u00fa, Rep\u00fablica Dominicana y Panam\u00e1. Ademas podras encontrar articulos de interes acerca de depilaci\u00f3n definitiva y los mejores consejos de belleza.<\/p>\n","protected":false},"excerpt":{"rendered":"Bienvenido al Blog de Depilarte Internacional, aqui podras encontrar toda la informaci\u00f3n que necesitas acerca de la industria&hellip;\n","protected":false},"author":1,"featured_media":0,"parent":0,"menu_order":0,"comment_status":"closed","ping_status":"closed","template":"","meta":{"twitterCardType":"summary_large_image","cardImageID":0,"cardImage":"","cardTitle":"","cardDesc":"","cardImageAlt":"","cardPlayer":"","cardPlayerWidth":0,"cardPlayerHeight":0,"cardPlayerStream":"","cardPlayerCodec":"","footnotes":""},"aioseo_notices":[],"_links":{"self":[{"href":"https:\/\/www.depilarte.co\/blog-depilarte\/wp-json\/wp\/v2\/pages\/574"}],"collection":[{"href":"https:\/\/www.depilarte.co\/blog-depilarte\/wp-json\/wp\/v2\/pages"}],"about":[{"href":"https:\/\/www.depilarte.co\/blog-depilarte\/wp-json\/wp\/v2\/types\/page"}],"author":[{"embeddable":true,"href":"https:\/\/www.depilarte.co\/blog-depilarte\/wp-json\/wp\/v2\/users\/1"}],"replies":[{"embeddable":true,"href":"https:\/\/www.depilarte.co\/blog-depilarte\/wp-json\/wp\/v2\/comments?post=574"}],"version-history":[{"count":36,"href":"https:\/\/www.depilarte.co\/blog-depilarte\/wp-json\/wp\/v2\/pages\/574\/revisions"}],"predecessor-version":[{"id":2331,"href":"https:\/\/www.depilarte.co\/blog-depilarte\/wp-json\/wp\/v2\/pages\/574\/revisions\/2331"}],"wp:attachment":[{"href":"https:\/\/www.depilarte.co\/blog-depilarte\/wp-json\/wp\/v2\/media?parent=574"}],"curies":[{"name":"wp","href":"https:\/\/api.w.org\/{rel}","templated":true}]}}